{"id":37,"date":"2021-05-01T10:19:57","date_gmt":"2021-05-01T08:19:57","guid":{"rendered":"http:\/\/neu.jentsukase.de\/?page_id=37"},"modified":"2022-09-03T10:08:59","modified_gmt":"2022-09-03T08:08:59","slug":"avatarcommission","status":"publish","type":"page","link":"https:\/\/neu.jentsukase.de\/index.php\/avatarcommission\/","title":{"rendered":"Avatarcommission"},"content":{"rendered":"\n<h2>Was bekommst du?<\/h2>\n\n\n\n<p>Eine digitales Bild, welches du als Avatar auf Social Media-Seiten sowie als Emote auf Discord, Twitch oder \u00e4hnlichem nutzen kannst.<br>Es kommt in der Gr\u00f6\u00dfe von 800&#215;800 Pixeln zu dir und mit einer Aufl\u00f6sung von 300dpi.<\/p>\n\n\n\n<h2>Beispiele<\/h2>\n\n\n\n<div class=\"wp-block-columns\">\n<div class=\"wp-block-column\" style=\"flex-basis:100%\">\n<figure class=\"wp-block-gallery columns-3 is-cropped\"><ul class=\"blocks-gallery-grid\"><li class=\"blocks-gallery-item\"><figure><img loading=\"lazy\" width=\"500\" height=\"500\" src=\"http:\/\/neu.jentsukase.de\/wp-content\/uploads\/2021\/05\/001.jpg\" alt=\"\" data-id=\"40\" data-link=\"http:\/\/neu.jentsukase.de\/?attachment_id=40\" class=\"wp-image-40\" srcset=\"https:\/\/neu.jentsukase.de\/wp-content\/uploads\/2021\/05\/001.jpg 500w, https:\/\/neu.jentsukase.de\/wp-content\/uploads\/2021\/05\/001-300x300.jpg 300w, https:\/\/neu.jentsukase.de\/wp-content\/uploads\/2021\/05\/001-150x150.jpg 150w\" sizes=\"(max-width: 500px) 100vw, 500px\" \/><\/figure><\/li><li class=\"blocks-gallery-item\"><figure><img loading=\"lazy\" width=\"500\" height=\"500\" src=\"http:\/\/neu.jentsukase.de\/wp-content\/uploads\/2021\/05\/002.jpg\" alt=\"\" data-id=\"41\" data-link=\"http:\/\/neu.jentsukase.de\/?attachment_id=41\" class=\"wp-image-41\" srcset=\"https:\/\/neu.jentsukase.de\/wp-content\/uploads\/2021\/05\/002.jpg 500w, https:\/\/neu.jentsukase.de\/wp-content\/uploads\/2021\/05\/002-300x300.jpg 300w, https:\/\/neu.jentsukase.de\/wp-content\/uploads\/2021\/05\/002-150x150.jpg 150w\" sizes=\"(max-width: 500px) 100vw, 500px\" \/><\/figure><\/li><li class=\"blocks-gallery-item\"><figure><img loading=\"lazy\" width=\"500\" height=\"500\" src=\"http:\/\/neu.jentsukase.de\/wp-content\/uploads\/2021\/05\/003.jpg\" alt=\"\" data-id=\"42\" data-link=\"http:\/\/neu.jentsukase.de\/?attachment_id=42\" class=\"wp-image-42\" srcset=\"https:\/\/neu.jentsukase.de\/wp-content\/uploads\/2021\/05\/003.jpg 500w, https:\/\/neu.jentsukase.de\/wp-content\/uploads\/2021\/05\/003-300x300.jpg 300w, https:\/\/neu.jentsukase.de\/wp-content\/uploads\/2021\/05\/003-150x150.jpg 150w\" sizes=\"(max-width: 500px) 100vw, 500px\" \/><\/figure><\/li><li class=\"blocks-gallery-item\"><figure><img loading=\"lazy\" width=\"500\" height=\"500\" src=\"http:\/\/neu.jentsukase.de\/wp-content\/uploads\/2021\/05\/004.jpg\" alt=\"\" data-id=\"43\" data-link=\"http:\/\/neu.jentsukase.de\/?attachment_id=43\" class=\"wp-image-43\" srcset=\"https:\/\/neu.jentsukase.de\/wp-content\/uploads\/2021\/05\/004.jpg 500w, https:\/\/neu.jentsukase.de\/wp-content\/uploads\/2021\/05\/004-300x300.jpg 300w, https:\/\/neu.jentsukase.de\/wp-content\/uploads\/2021\/05\/004-150x150.jpg 150w\" sizes=\"(max-width: 500px) 100vw, 500px\" \/><\/figure><\/li><li class=\"blocks-gallery-item\"><figure><img loading=\"lazy\" width=\"500\" height=\"500\" src=\"http:\/\/neu.jentsukase.de\/wp-content\/uploads\/2021\/05\/005.jpg\" alt=\"\" data-id=\"44\" data-link=\"http:\/\/neu.jentsukase.de\/?attachment_id=44\" class=\"wp-image-44\" srcset=\"https:\/\/neu.jentsukase.de\/wp-content\/uploads\/2021\/05\/005.jpg 500w, https:\/\/neu.jentsukase.de\/wp-content\/uploads\/2021\/05\/005-300x300.jpg 300w, https:\/\/neu.jentsukase.de\/wp-content\/uploads\/2021\/05\/005-150x150.jpg 150w\" sizes=\"(max-width: 500px) 100vw, 500px\" \/><\/figure><\/li><li class=\"blocks-gallery-item\"><figure><img loading=\"lazy\" width=\"500\" height=\"500\" src=\"http:\/\/neu.jentsukase.de\/wp-content\/uploads\/2021\/05\/006.jpg\" alt=\"\" data-id=\"45\" data-link=\"http:\/\/neu.jentsukase.de\/?attachment_id=45\" class=\"wp-image-45\" srcset=\"https:\/\/neu.jentsukase.de\/wp-content\/uploads\/2021\/05\/006.jpg 500w, https:\/\/neu.jentsukase.de\/wp-content\/uploads\/2021\/05\/006-300x300.jpg 300w, https:\/\/neu.jentsukase.de\/wp-content\/uploads\/2021\/05\/006-150x150.jpg 150w\" sizes=\"(max-width: 500px) 100vw, 500px\" \/><\/figure><\/li><li class=\"blocks-gallery-item\"><figure><img loading=\"lazy\" width=\"500\" height=\"500\" src=\"http:\/\/neu.jentsukase.de\/wp-content\/uploads\/2022\/09\/008.jpg\" alt=\"\" data-id=\"90\" data-link=\"http:\/\/neu.jentsukase.de\/index.php\/avatarcommission\/attachment\/008\/\" class=\"wp-image-90\" srcset=\"https:\/\/neu.jentsukase.de\/wp-content\/uploads\/2022\/09\/008.jpg 500w, https:\/\/neu.jentsukase.de\/wp-content\/uploads\/2022\/09\/008-300x300.jpg 300w, https:\/\/neu.jentsukase.de\/wp-content\/uploads\/2022\/09\/008-150x150.jpg 150w, https:\/\/neu.jentsukase.de\/wp-content\/uploads\/2022\/09\/008-100x100.jpg 100w\" sizes=\"(max-width: 500px) 100vw, 500px\" \/><\/figure><\/li><li class=\"blocks-gallery-item\"><figure><img loading=\"lazy\" width=\"500\" height=\"500\" src=\"http:\/\/neu.jentsukase.de\/wp-content\/uploads\/2022\/09\/009.jpg\" alt=\"\" data-id=\"91\" data-full-url=\"http:\/\/neu.jentsukase.de\/wp-content\/uploads\/2022\/09\/009.jpg\" data-link=\"http:\/\/neu.jentsukase.de\/index.php\/avatarcommission\/attachment\/009\/\" class=\"wp-image-91\" srcset=\"https:\/\/neu.jentsukase.de\/wp-content\/uploads\/2022\/09\/009.jpg 500w, https:\/\/neu.jentsukase.de\/wp-content\/uploads\/2022\/09\/009-300x300.jpg 300w, https:\/\/neu.jentsukase.de\/wp-content\/uploads\/2022\/09\/009-150x150.jpg 150w, https:\/\/neu.jentsukase.de\/wp-content\/uploads\/2022\/09\/009-100x100.jpg 100w\" sizes=\"(max-width: 500px) 100vw, 500px\" \/><\/figure><\/li><li class=\"blocks-gallery-item\"><figure><img loading=\"lazy\" width=\"500\" height=\"500\" src=\"http:\/\/neu.jentsukase.de\/wp-content\/uploads\/2022\/09\/007.jpg\" alt=\"\" data-id=\"88\" data-link=\"http:\/\/neu.jentsukase.de\/index.php\/avatarcommission\/attachment\/007\/\" class=\"wp-image-88\" srcset=\"https:\/\/neu.jentsukase.de\/wp-content\/uploads\/2022\/09\/007.jpg 500w, https:\/\/neu.jentsukase.de\/wp-content\/uploads\/2022\/09\/007-300x300.jpg 300w, https:\/\/neu.jentsukase.de\/wp-content\/uploads\/2022\/09\/007-150x150.jpg 150w, https:\/\/neu.jentsukase.de\/wp-content\/uploads\/2022\/09\/007-100x100.jpg 100w\" sizes=\"(max-width: 500px) 100vw, 500px\" \/><\/figure><\/li><\/ul><\/figure>\n<\/div>\n<\/div>\n\n\n\n<h2>Preise<\/h2>\n\n\n\n<p>Nur Outlines\/ohne Farbe: 20,-\u20ac<br>Mit Farbe: 35,-\u20ac<br>weitere Person: +15,-\u20ac<\/p>\n\n\n\n<h2>Ablauf<\/h2>\n\n\n\n<p>1. Du sendest mir deine Idee (Aussehen (Haare, Kleidung, \u2026) mit Farbangaben, ob Hintergrundfarbe oder durchsichtig).. zu -&gt; ich sage zu oder ab<br>2. Ich sende dir eine Skizze &#8211; du sagst mir deine Meinung (ob alles so ok ist oder ob Ver\u00e4nderungen vorgenommen werden m\u00fcssen)<br>3. Ich zeige dir einen weiteren Zwischenschritt &#8211; du sagst mir deine Meinung (ob alles so ok ist oder ob Ver\u00e4nderungen vorgenommen werden m\u00fcssen)<br>&#8211; <strong>Anmerkung:<\/strong> Alle Zwischenschritte kommen mit meinem Wasserzeichen.<br>4. Wenn alles passt, bezahlst du mich (per PayPal oder \u00dcberweisung) und bekommst nach Gelderhalt die finale Version (ohne Wasserzeichen).<\/p>\n\n\n\n<h2>Interesse oder weitere Fragen?<\/h2>\n\n\n\n<p>Dann schreib mich doch einfach auf <a href=\"https:\/\/www.facebook.com\/tsukase.jen\" target=\"_blank\" rel=\"noreferrer noopener\">Facebook<\/a>, <a href=\"https:\/\/twitter.com\/jentsukase\" target=\"_blank\" rel=\"noreferrer noopener\">Twitter<\/a>, <a href=\"https:\/\/www.instagram.com\/jen_tsukase\/\" target=\"_blank\" rel=\"noreferrer noopener\">Instagram<\/a> oder per <a href=\"mailto:jen_tsukase@uguu.at\">e-Mail<\/a> mit deinen Vorstellungen an.<\/p>\n","protected":false},"excerpt":{"rendered":"<p>Was bekommst du? Eine digitales Bild, welches du als Avatar auf Social Media-Seiten sowie als Emote auf Discord, Twitch oder \u00e4hnlichem nutzen kannst.Es kommt in der Gr\u00f6\u00dfe von 800&#215;800 Pixeln zu dir und mit einer Aufl\u00f6sung von 300dpi. Beispiele Preise Nur Outlines\/ohne Farbe: 20,-\u20acMit Farbe: 35,-\u20acweitere Person: +15,-\u20ac Ablauf 1. Du sendest mir deine Idee [&hellip;]<\/p>\n","protected":false},"author":1,"featured_media":0,"parent":0,"menu_order":0,"comment_status":"closed","ping_status":"closed","template":"","meta":[],"_links":{"self":[{"href":"https:\/\/neu.jentsukase.de\/index.php\/wp-json\/wp\/v2\/pages\/37"}],"collection":[{"href":"https:\/\/neu.jentsukase.de\/index.php\/wp-json\/wp\/v2\/pages"}],"about":[{"href":"https:\/\/neu.jentsukase.de\/index.php\/wp-json\/wp\/v2\/types\/page"}],"author":[{"embeddable":true,"href":"https:\/\/neu.jentsukase.de\/index.php\/wp-json\/wp\/v2\/users\/1"}],"replies":[{"embeddable":true,"href":"https:\/\/neu.jentsukase.de\/index.php\/wp-json\/wp\/v2\/comments?post=37"}],"version-history":[{"count":5,"href":"https:\/\/neu.jentsukase.de\/index.php\/wp-json\/wp\/v2\/pages\/37\/revisions"}],"predecessor-version":[{"id":92,"href":"https:\/\/neu.jentsukase.de\/index.php\/wp-json\/wp\/v2\/pages\/37\/revisions\/92"}],"wp:attachment":[{"href":"https:\/\/neu.jentsukase.de\/index.php\/wp-json\/wp\/v2\/media?parent=37"}],"curies":[{"name":"wp","href":"https:\/\/api.w.org\/{rel}","templated":true}]}}